{"id":3,"date":"2019-10-21T16:50:47","date_gmt":"2019-10-21T16:50:47","guid":{"rendered":"https:\/\/basqueecodesignmeeting2020.eus\/?page_id=3"},"modified":"2019-10-25T14:13:05","modified_gmt":"2019-10-25T12:13:05","slug":"privacy-policy","status":"publish","type":"page","link":"https:\/\/www.basqueecodesignmeeting2020.eus\/es\/privacy-policy\/","title":{"rendered":"Aviso legal y pol\u00edtica de privacidad"},"content":{"rendered":"<p>[vc_row css=\u00bb.vc_custom_1571988627347{margin-top: -80px !important;}\u00bb][vc_column][vc_column_text]En cumplimiento del Reglamento General de Protecci\u00f3n de Datos UE 2016\/679 y resto de normativa sobre protecci\u00f3n de datos aplicable, te informamos de que los datos que se recogen en esta p\u00e1gina web son tratados por la Sociedad P\u00fablica de Gesti\u00f3n Ambiental, IHOBE, S.A.<\/p>\n<p>Las finalidades del tratamiento son:<\/p>\n<ol>\n<li>La identificaci\u00f3n de las personas usuarias que navegan e interact\u00faan con este sitio web.<\/li>\n<li>La gesti\u00f3n de eventos, actividades, jornadas, programas y proyectos que se llevan a cabo en IHOBE.<\/li>\n<li>La comunicaci\u00f3n de futuros eventos, jornadas y otra informaci\u00f3n corporativa de IHOBE o de terceros.<\/li>\n<li>La gesti\u00f3n de la suscripci\u00f3n a nuestros boletines informativos.<\/li>\n<li>Uso de im\u00e1genes como material divulgativo en este sitio web o en las redes sociales corporativas.<\/li>\n<\/ol>\n<p>La legitimaci\u00f3n para el tratamiento de los datos personales es el consentimiento de la persona interesada.<\/p>\n<p>Ocasionalmente, podr\u00e1n realizarse cesiones a administraciones p\u00fablicas con competencia en materia de medio ambiente, como el departamento de Medio Ambiente, Planificaci\u00f3n Territorial y Vivienda del Gobierno Vasco, o a empresas que presten servicios a IHOBE y por disposici\u00f3n legal.<\/p>\n<p>Las personas interesadas tienen derecho a acceder a sus datos personales, as\u00ed como a solicitar la rectificaci\u00f3n de los datos inexactos o, en su caso, solicitar su supresi\u00f3n cuando, entre otros motivos, los datos ya no sean necesarios para los fines que fueron recogidos.<\/p>\n<p>En determinadas circunstancias, las personas interesadas podr\u00e1n solicitar la limitaci\u00f3n del tratamiento de sus datos, en cuyo caso \u00fanicamente se conservar\u00e1n para el ejercicio o la defensa de reclamaciones.<\/p>\n<p>En determinadas circunstancias y por motivos relacionados con su situaci\u00f3n particular, las personas interesadas podr\u00e1n oponerse al tratamiento de sus datos.<\/p>\n<p>Puede consultar la informaci\u00f3n adicional y detallada sobre Protecci\u00f3n de Datos Personales en nuestra web:\u00a0<a href=\"https:\/\/www.ihobe.eus\/aviso-legal\">https:\/\/www.ihobe.eus\/aviso-legal<\/a>[\/vc_column_text][\/vc_column][\/vc_row]<\/p>","protected":false},"excerpt":{"rendered":"<p>[vc_row css=\u00bb.vc_custom_1571988627347{margin-top: -80px !important;}\u00bb][vc_column][vc_column_text]En cumplimiento del Reglamento General de Protecci\u00f3n de Datos UE 2016\/679 y resto de normativa sobre protecci\u00f3n de datos aplicable, te informamos de que los datos que se recogen en esta p\u00e1gina web son tratados por la Sociedad P\u00fablica de Gesti\u00f3n Ambiental, IHOBE, S.A. Las finalidades del ...<\/p>\n","protected":false},"author":1,"featured_media":1676,"parent":0,"menu_order":0,"comment_status":"closed","ping_status":"open","template":"page-wide.php","meta":{"_exactmetrics_skip_tracking":false,"_exactmetrics_sitenote_active":false,"_exactmetrics_sitenote_note":"","_exactmetrics_sitenote_category":0,"footnotes":""},"class_list":["post-3","page","type-page","status-publish","has-post-thumbnail","hentry"],"_links":{"self":[{"href":"https:\/\/www.basqueecodesignmeeting2020.eus\/es\/wp-json\/wp\/v2\/pages\/3","targetHints":{"allow":["GET"]}}],"collection":[{"href":"https:\/\/www.basqueecodesignmeeting2020.eus\/es\/wp-json\/wp\/v2\/pages"}],"about":[{"href":"https:\/\/www.basqueecodesignmeeting2020.eus\/es\/wp-json\/wp\/v2\/types\/page"}],"author":[{"embeddable":true,"href":"https:\/\/www.basqueecodesignmeeting2020.eus\/es\/wp-json\/wp\/v2\/users\/1"}],"replies":[{"embeddable":true,"href":"https:\/\/www.basqueecodesignmeeting2020.eus\/es\/wp-json\/wp\/v2\/comments?post=3"}],"version-history":[{"count":5,"href":"https:\/\/www.basqueecodesignmeeting2020.eus\/es\/wp-json\/wp\/v2\/pages\/3\/revisions"}],"predecessor-version":[{"id":1685,"href":"https:\/\/www.basqueecodesignmeeting2020.eus\/es\/wp-json\/wp\/v2\/pages\/3\/revisions\/1685"}],"wp:featuredmedia":[{"embeddable":true,"href":"https:\/\/www.basqueecodesignmeeting2020.eus\/es\/wp-json\/wp\/v2\/media\/1676"}],"wp:attachment":[{"href":"https:\/\/www.basqueecodesignmeeting2020.eus\/es\/wp-json\/wp\/v2\/media?parent=3"}],"curies":[{"name":"wp","href":"https:\/\/api.w.org\/{rel}","templated":true}]}}