{"id":1476,"date":"2019-10-23T13:06:11","date_gmt":"2019-10-23T11:06:11","guid":{"rendered":"https:\/\/www.basqueecodesignmeeting2020.eus\/?page_id=1476"},"modified":"2019-11-18T12:41:42","modified_gmt":"2019-11-18T11:41:42","slug":"erronkagarbia","status":"publish","type":"page","link":"https:\/\/www.basqueecodesignmeeting2020.eus\/es\/erronkagarbia\/","title":{"rendered":"BEM2020, un evento sostenible seg\u00fan el certificado Erronka Garbia"},"content":{"rendered":"<p>[vc_row][vc_column][vc_column_text]<\/p>\n<h3><img decoding=\"async\" class=\"size-medium wp-image-1591 alignright\" src=\"https:\/\/www.basqueecodesignmeeting2020.eus\/wp-content\/uploads\/2019\/10\/EG-cas-color-horz-770x354.png\" alt=\"\" width=\"400\" srcset=\"https:\/\/www.basqueecodesignmeeting2020.eus\/wp-content\/uploads\/2019\/10\/EG-cas-color-horz-770x354.png 770w, https:\/\/www.basqueecodesignmeeting2020.eus\/wp-content\/uploads\/2019\/10\/EG-cas-color-horz-768x353.png 768w, https:\/\/www.basqueecodesignmeeting2020.eus\/wp-content\/uploads\/2019\/10\/EG-cas-color-horz.png 827w\" sizes=\"(max-width: 770px) 100vw, 770px\" \/>Erronka Garbia<\/h3>\n<p>Erronka Garbia es un certificado puesto en marcha por el Gobierno Vasco, a trav\u00e9s de su sociedad p\u00fablica Ihobe, que reconoce a aquellos eventos que integran medidas ambientales en el dise\u00f1o y organizaci\u00f3n para minimizar los potenciales impactos negativos sobre el medio ambiente asociados a la celebraci\u00f3n del mismo.<\/p>\n<p>El objetivo de este proyecto es concienciar a los asistentes y organizadores de eventos para mitigar los impactos negativos asociados al desarrollo de eventos multitudinarios, en la b\u00fasqueda de celebrar eventos que produzcan el m\u00ednimo impacto posible al entorno. Todas aquellas entidades, instituciones, empresas, asociaciones o particulares que organicen eventos con criterios medioambientales podr\u00e1n adherirse al certificado Erronka Garbia.<\/p>\n<p>Para alcanzar la sostenibilidad adecuada en un evento, es necesario poner en pr\u00e1ctica una serie de medidas de mejora sobre los aspectos ambientales que sean m\u00e1s susceptibles de ocasionar alteraciones negativas al entorno. Por ello, se han establecido seis ejes de actuaci\u00f3n para minimizar los aspectos ambientales que se producen en cada una de las fases del evento.<\/p>\n<p>Desde el equipo organizador del Basque Ecodesign Meeting 2020, y como muestra de nuestro compromiso de mejora ambiental continua, hemos querido asegurarnos de reducir lo m\u00e1ximo posible el impacto en estos ejes, por ello se han aplicado los principios del certificado Erronka Garbia a la organizaci\u00f3n del Congreso, obteniendo la certificaci\u00f3n del mismo.<\/p>\n<p>Se muestran a continuaci\u00f3n algunas de las medidas que se van a llevar a cabo en el Basque Ecodesign Meeting 2020en cada de sus ejes de actuaci\u00f3n.[\/vc_column_text][\/vc_column][\/vc_row][vc_row css=\u00bb.vc_custom_1571829065709{margin-top: 30px !important;}\u00bb][vc_column width=\u00bb1\/12&#8243;][vc_single_image image=\u00bb1594&#8243; img_size=\u00bbmedium\u00bb][\/vc_column][vc_column width=\u00bb5\/12&#8243;][vc_column_text]<strong>Movilidad:\u00a0<\/strong>El Basque Ecodesign Meeting 2020 se celebra en el Palacio Euskalduna, un lugar c\u00e9ntrico y completamente integrado en la red de transportes de Bilbao, fomentando as\u00ed la reducci\u00f3n de emisiones en el evento y un mayor uso del transporte p\u00fablico.[\/vc_column_text][\/vc_column][vc_column width=\u00bb1\/12&#8243;][vc_single_image image=\u00bb1598&#8243; img_size=\u00bbmedium\u00bb][\/vc_column][vc_column width=\u00bb5\/12&#8243;][vc_column_text]<strong>Compras:\u00a0<\/strong>Tanto el Basque Ecodesign Meeting 2020 como el Palacio Euskalduna tienen implantada una pol\u00edtica de compra y contrataci\u00f3n verde para reducir el impacto ambiental de su actividad. La entrega de Lanyards sin pl\u00e1stico fomenta esta pol\u00edtica, al igual que la reutilizaci\u00f3n de los productos del congreso.[\/vc_column_text][\/vc_column][\/vc_row][vc_row css=\u00bb.vc_custom_1571829065709{margin-top: 30px !important;}\u00bb][vc_column width=\u00bb1\/12&#8243;][vc_single_image image=\u00bb1595&#8243; img_size=\u00bbmedium\u00bb][\/vc_column][vc_column width=\u00bb5\/12&#8243;][vc_column_text]<strong>Agua:\u00a0<\/strong>Las instalaciones del Palacio cuentan con sistemas ahorradores de agua como perlizadores, reductores de caudal o cisternas de doble descarga, reduciendo su consumo en m\u00e1s de un 30%. Las aguas grises generadas en el Euskalduna tambi\u00e9n se gestionan correctamente a trav\u00e9s de la red de saneamiento de Bilbao.[\/vc_column_text][\/vc_column][vc_column width=\u00bb1\/12&#8243;][vc_single_image image=\u00bb1599&#8243; img_size=\u00bbmedium\u00bb][\/vc_column][vc_column width=\u00bb5\/12&#8243;][vc_column_text]<strong>Infraestructuras:\u00a0<\/strong>El Palacio Euskalduna cuenta con numerosos premios y certificaciones que le hacen destacar como uno de los pilares de la sostenibilidad en Bilbao. Mejor centro de congresos del mundo en 2003, certificaci\u00f3n ambiental ISO 14001 y LEED \u2013 EBOM son algunos de los galardones que reconocen sus cualidades ejemplares en materia de edificaci\u00f3n sostenible, gesti\u00f3n de recursos y mantenimiento responsable con el medio ambiente.[\/vc_column_text][\/vc_column][\/vc_row][vc_row css=\u00bb.vc_custom_1571829065709{margin-top: 30px !important;}\u00bb][vc_column width=\u00bb1\/12&#8243;][vc_single_image image=\u00bb1596&#8243; img_size=\u00bbmedium\u00bb][\/vc_column][vc_column width=\u00bb5\/12&#8243;][vc_column_text]<\/p>\n<div id=\"one\">\n<div id=\"one\">\n<p><strong>Energ\u00eda:\u00a0<\/strong>El 100% de la energ\u00eda consumida en el Euskalduna procede de fuentes renovables. Esto, sumado a la elevada eficiencia energ\u00e9tica de los equipos electr\u00f3nicos, reduce dr\u00e1sticamente las emisiones de CO2 asociadas al consumo energ\u00e9tico del Palacio.<\/p>\n<\/div>\n<\/div>\n<p>[\/vc_column_text][\/vc_column][vc_column width=\u00bb1\/12&#8243;][vc_single_image image=\u00bb1600&#8243; img_size=\u00bbmedium\u00bb][\/vc_column][vc_column width=\u00bb5\/12&#8243;][vc_column_text]<\/p>\n<div class=\"inner\">\n<div class=\"inner_wrapper\">\n<div class=\"sidebar_content full_width\">\n<div id=\"two\">\n<div class=\"inner\">\n<div class=\"inner_wrapper\">\n<div class=\"sidebar_content full_width\">\n<div id=\"two\">\n<p><strong>Residuos:\u00a0<\/strong>El Basque Ecodesign Meeting 2020 prioriza las medidas destinadas a minimizar la gesti\u00f3n de residuos. El empleo de carteler\u00eda ser\u00e1 pr\u00e1cticamente nulo gracias a la se\u00f1alizaci\u00f3n digital, y los soportes digitales actuales permitir\u00e1n fomentar un evento cero papel.<\/p>\n<\/div>\n<\/div>\n<\/div>\n<\/div>\n<\/div>\n<\/div>\n<\/div>\n<\/div>\n<p>[\/vc_column_text][\/vc_column][\/vc_row]<\/p>","protected":false},"excerpt":{"rendered":"<p>[vc_row][vc_column][vc_column_text] Erronka Garbia Erronka Garbia es un certificado puesto en marcha por el Gobierno Vasco, a trav\u00e9s de su sociedad p\u00fablica Ihobe, que reconoce a aquellos eventos que integran medidas ambientales en el dise\u00f1o y organizaci\u00f3n para minimizar los potenciales impactos negativos sobre el medio ambiente asociados a la celebraci\u00f3n ...<\/p>\n","protected":false},"author":1,"featured_media":1559,"parent":0,"menu_order":0,"comment_status":"closed","ping_status":"closed","template":"page-wide.php","meta":{"_exactmetrics_skip_tracking":false,"_exactmetrics_sitenote_active":false,"_exactmetrics_sitenote_note":"","_exactmetrics_sitenote_category":0,"footnotes":""},"class_list":["post-1476","page","type-page","status-publish","has-post-thumbnail","hentry"],"_links":{"self":[{"href":"https:\/\/www.basqueecodesignmeeting2020.eus\/es\/wp-json\/wp\/v2\/pages\/1476","targetHints":{"allow":["GET"]}}],"collection":[{"href":"https:\/\/www.basqueecodesignmeeting2020.eus\/es\/wp-json\/wp\/v2\/pages"}],"about":[{"href":"https:\/\/www.basqueecodesignmeeting2020.eus\/es\/wp-json\/wp\/v2\/types\/page"}],"author":[{"embeddable":true,"href":"https:\/\/www.basqueecodesignmeeting2020.eus\/es\/wp-json\/wp\/v2\/users\/1"}],"replies":[{"embeddable":true,"href":"https:\/\/www.basqueecodesignmeeting2020.eus\/es\/wp-json\/wp\/v2\/comments?post=1476"}],"version-history":[{"count":25,"href":"https:\/\/www.basqueecodesignmeeting2020.eus\/es\/wp-json\/wp\/v2\/pages\/1476\/revisions"}],"predecessor-version":[{"id":1615,"href":"https:\/\/www.basqueecodesignmeeting2020.eus\/es\/wp-json\/wp\/v2\/pages\/1476\/revisions\/1615"}],"wp:featuredmedia":[{"embeddable":true,"href":"https:\/\/www.basqueecodesignmeeting2020.eus\/es\/wp-json\/wp\/v2\/media\/1559"}],"wp:attachment":[{"href":"https:\/\/www.basqueecodesignmeeting2020.eus\/es\/wp-json\/wp\/v2\/media?parent=1476"}],"curies":[{"name":"wp","href":"https:\/\/api.w.org\/{rel}","templated":true}]}}