{"id":1972,"date":"2019-11-19T17:37:59","date_gmt":"2019-11-19T16:37:59","guid":{"rendered":"https:\/\/www.basqueecodesignmeeting2020.eus\/?page_id=1972"},"modified":"2020-05-25T09:21:30","modified_gmt":"2020-05-25T07:21:30","slug":"presentacion-de-candidaturas","status":"publish","type":"page","link":"https:\/\/www.basqueecodesignmeeting2020.eus\/en\/presentacion-de-candidaturas\/","title":{"rendered":"Presentaci\u00f3n de candidaturas"},"content":{"rendered":"<p><\/p>\n<p>[vc_row][vc_column][vc_column_text]\n<div class=\"wpcf7 no-js\" id=\"wpcf7-f1971-o3\" lang=\"es-ES\" dir=\"ltr\" data-wpcf7-id=\"1971\">\n<div class=\"screen-reader-response\"><p role=\"status\" aria-live=\"polite\" aria-atomic=\"true\"><\/p> <ul><\/ul><\/div>\n<form action=\"\/en\/wp-json\/wp\/v2\/pages\/1972#wpcf7-f1971-o3\" method=\"post\" class=\"wpcf7-form init\" aria-label=\"Formulario de contacto\" novalidate=\"novalidate\" data-status=\"init\">\n<fieldset class=\"hidden-fields-container\"><input type=\"hidden\" name=\"_wpcf7\" value=\"1971\" \/><input type=\"hidden\" name=\"_wpcf7_version\" value=\"6.1.4\" \/><input type=\"hidden\" name=\"_wpcf7_locale\" value=\"es_ES\" \/><input type=\"hidden\" name=\"_wpcf7_unit_tag\" value=\"wpcf7-f1971-o3\" \/><input type=\"hidden\" name=\"_wpcf7_container_post\" value=\"0\" \/><input type=\"hidden\" name=\"_wpcf7_posted_data_hash\" value=\"\" \/>\n<\/fieldset>\n<h4>Datos de la empresa:\n<\/h4>\n<p><label>Nombre de la empresa<br \/>\n<span class=\"wpcf7-form-control-wrap\" data-name=\"empresa\"><input size=\"40\" maxlength=\"400\" class=\"wpcf7-form-control wpcf7-text wpcf7-validates-as-required\" aria-required=\"true\" aria-invalid=\"false\" value=\"\" type=\"text\" name=\"empresa\" \/><\/span> <\/label>\n<\/p>\n<p><label>Direcci\u00f3n<br \/>\n<span class=\"wpcf7-form-control-wrap\" data-name=\"direccion\"><input size=\"40\" maxlength=\"400\" class=\"wpcf7-form-control wpcf7-text wpcf7-validates-as-required\" aria-required=\"true\" aria-invalid=\"false\" value=\"\" type=\"text\" name=\"direccion\" \/><\/span> <\/label>\n<\/p>\n<p><label>NIF<br \/>\n<span class=\"wpcf7-form-control-wrap\" data-name=\"nif\"><input size=\"40\" maxlength=\"400\" class=\"wpcf7-form-control wpcf7-text wpcf7-validates-as-required\" aria-required=\"true\" aria-invalid=\"false\" value=\"\" type=\"text\" name=\"nif\" \/><\/span> <\/label>\n<\/p>\n<p><label>Web<br \/>\n<span class=\"wpcf7-form-control-wrap\" data-name=\"web\"><input size=\"40\" maxlength=\"400\" class=\"wpcf7-form-control wpcf7-text wpcf7-validates-as-required\" aria-required=\"true\" aria-invalid=\"false\" value=\"\" type=\"text\" name=\"web\" \/><\/span> <\/label>\n<\/p>\n<p><label>Sector econ\u00f3mico al que pertenece la empresa seg\u00fan la OCDE<br \/>\n<span class=\"wpcf7-form-control-wrap\" data-name=\"menu-339\"><select class=\"wpcf7-form-control wpcf7-select\" aria-invalid=\"false\" multiple=\"multiple\" name=\"menu-339[]\"><option value=\"1. Educaci\u00f3n\">1. Educaci\u00f3n<\/option><option value=\"2. Salud\">2. Salud<\/option><option value=\"3. Pol\u00edticas\/programas de poblaci\u00f3n y salud reproductiva\">3. Pol\u00edticas\/programas de poblaci\u00f3n y salud reproductiva<\/option><option value=\"4. Agua y saneamiento\">4. Agua y saneamiento<\/option><option value=\"5. Gobierno y sociedad civil\">5. Gobierno y sociedad civil<\/option><option value=\"6. Transporte y almacenamiento (log\u00edstica)\">6. Transporte y almacenamiento (log\u00edstica)<\/option><option value=\"7. Distribuci\u00f3n\">7. Distribuci\u00f3n<\/option><option value=\"8. Telecomunicaciones\">8. Telecomunicaciones<\/option><option value=\"9. Comunicaci\u00f3n\">9. Comunicaci\u00f3n<\/option><option value=\"10. Generaci\u00f3n, distribuci\u00f3n y eficiencia de la energ\u00eda\">10. Generaci\u00f3n, distribuci\u00f3n y eficiencia de la energ\u00eda<\/option><option value=\"11. Banca y servicios financieros\">11. Banca y servicios financieros<\/option><option value=\"12. Negocios y otros servicios\">12. Negocios y otros servicios<\/option><option value=\"13. Agricultura, ganader\u00eda, pesca y silvicultura\">13. Agricultura, ganader\u00eda, pesca y silvicultura<\/option><option value=\"14. Industria\">14. Industria<\/option><option value=\"15. Miner\u00eda y recursos minerales\">15. Miner\u00eda y recursos minerales<\/option><option value=\"16. Construcci\u00f3n y servicios urbanos\">16. Construcci\u00f3n y servicios urbanos<\/option><option value=\"17. Pol\u00edticas y reglamentos comerciales y ajustes relacionados con el comercio\">17. Pol\u00edticas y reglamentos comerciales y ajustes relacionados con el comercio<\/option><option value=\"18. Turismo\">18. Turismo<\/option><option value=\"19. Medio ambiente y conservaci\u00f3n de la naturaleza\">19. Medio ambiente y conservaci\u00f3n de la naturaleza<\/option><option value=\"20. Arquitectura y planificaci\u00f3n urbana y regional\">20. Arquitectura y planificaci\u00f3n urbana y regional<\/option><option value=\"21. Ingenier\u00eda y tecnolog\u00eda\">21. Ingenier\u00eda y tecnolog\u00eda<\/option><\/select><\/span> <\/label>\n<\/p>\n<p><label>\u00bfDispone la empresa de un Sistema de Gesti\u00f3n Ambiental?<br \/>\n<span class=\"wpcf7-form-control-wrap\" data-name=\"checkbox-626\"><span class=\"wpcf7-form-control wpcf7-checkbox\"><span class=\"wpcf7-list-item first\"><input type=\"checkbox\" name=\"checkbox-626[]\" value=\"ISO 14001\" \/><span class=\"wpcf7-list-item-label\">ISO 14001<\/span><\/span><span class=\"wpcf7-list-item\"><input type=\"checkbox\" name=\"checkbox-626[]\" value=\"EMAS\" \/><span class=\"wpcf7-list-item-label\">EMAS<\/span><\/span><span class=\"wpcf7-list-item last\"><input type=\"checkbox\" name=\"checkbox-626[]\" value=\"ISO 14006\" \/><span class=\"wpcf7-list-item-label\">ISO 14006<\/span><\/span><\/span><\/span><br \/>\n<\/label>\n<\/p>\n<h4>Datos de contacto:\n<\/h4>\n<p><label>Persona\/s de contacto para la gesti\u00f3n de la candidatura. Nombre, apellidos y cargo<br \/>\n<span class=\"wpcf7-form-control-wrap\" data-name=\"contacto\"><input size=\"40\" maxlength=\"400\" class=\"wpcf7-form-control wpcf7-text wpcf7-validates-as-required\" aria-required=\"true\" aria-invalid=\"false\" value=\"\" type=\"text\" name=\"contacto\" \/><\/span> <\/label><br \/>\n<label>E-mail\/s para la gesti\u00f3n de la candidatura<br \/>\n<span class=\"wpcf7-form-control-wrap\" data-name=\"your-email\"><input size=\"40\" maxlength=\"400\" class=\"wpcf7-form-control wpcf7-email wpcf7-validates-as-required wpcf7-text wpcf7-validates-as-email\" aria-required=\"true\" aria-invalid=\"false\" value=\"\" type=\"email\" name=\"your-email\" \/><\/span> <\/label><br \/>\n<label>Tel\u00e9fono para la gesti\u00f3n de la candidatura<br \/>\n<span class=\"wpcf7-form-control-wrap\" data-name=\"tel-987\"><input size=\"40\" maxlength=\"400\" class=\"wpcf7-form-control wpcf7-tel wpcf7-text wpcf7-validates-as-tel\" aria-invalid=\"false\" value=\"\" type=\"tel\" name=\"tel-987\" \/><\/span><\/label>\n<\/p>\n<h4>Datos de productos:\n<\/h4>\n<p><label>Producto que se presenta (tipo, modelos, \u2026)<br \/>\n<span class=\"wpcf7-form-control-wrap\" data-name=\"textarea-566\"><textarea cols=\"40\" rows=\"10\" maxlength=\"2000\" class=\"wpcf7-form-control wpcf7-textarea\" aria-invalid=\"false\" name=\"textarea-566\"><\/textarea><\/span><\/label><br \/>\n<label>Descripci\u00f3n del producto (funcionalidad, caracter\u00edsticas t\u00e9cnicas \u2026)<br \/>\n<span class=\"wpcf7-form-control-wrap\" data-name=\"textarea-567\"><textarea cols=\"40\" rows=\"10\" maxlength=\"2000\" class=\"wpcf7-form-control wpcf7-textarea\" aria-invalid=\"false\" name=\"textarea-567\"><\/textarea><\/span><\/label><br \/>\n<label>Detalle la fase de desarrollo en la que se encuentra se encuentra (prototipo, piloto, en el mercado, retirado del mercado)<br \/>\n<span class=\"wpcf7-form-control-wrap\" data-name=\"textarea-568\"><textarea cols=\"40\" rows=\"10\" maxlength=\"2000\" class=\"wpcf7-form-control wpcf7-textarea\" aria-invalid=\"false\" name=\"textarea-568\"><\/textarea><\/span><\/label><br \/>\n<label>Dimensiones aproximadas del producto (largo*alto*profundo)<br \/>\n<span class=\"wpcf7-form-control-wrap\" data-name=\"text-569\"><input size=\"40\" maxlength=\"400\" class=\"wpcf7-form-control wpcf7-text\" aria-invalid=\"false\" value=\"\" type=\"text\" name=\"text-569\" \/><\/span><\/label><br \/>\n<label>Presenta alguna necesidad especial de cara a ser expuesto (resistencia del forjado, conexi\u00f3n a red,\u2026)<br \/>\n<span class=\"wpcf7-form-control-wrap\" data-name=\"textarea-570\"><textarea cols=\"40\" rows=\"10\" maxlength=\"2000\" class=\"wpcf7-form-control wpcf7-textarea\" aria-invalid=\"false\" name=\"textarea-570\"><\/textarea><\/span><\/label><br \/>\n<label>Descripci\u00f3n (cualitativa) de las ventajas ambientales del producto presentado<br \/>\n<span class=\"wpcf7-form-control-wrap\" data-name=\"textarea-571\"><textarea cols=\"40\" rows=\"10\" maxlength=\"2000\" class=\"wpcf7-form-control wpcf7-textarea\" aria-invalid=\"false\" name=\"textarea-571\"><\/textarea><\/span><\/label><br \/>\n<label>Especifique las estrategias de Ecodise\u00f1o que el producto incorpora (seleccione tantas como sea necesario)<br \/>\n<span class=\"wpcf7-form-control-wrap\" data-name=\"textarea-572\"><textarea cols=\"40\" rows=\"10\" maxlength=\"2000\" class=\"wpcf7-form-control wpcf7-textarea\" aria-invalid=\"false\" name=\"textarea-572\"><\/textarea><\/span><\/label><br \/>\n<label>1. - Reducci\u00f3n del impacto en la empresa:<br \/>\n<span class=\"wpcf7-form-control-wrap\" data-name=\"checkbox-145\"><span class=\"wpcf7-form-control wpcf7-checkbox\"><span class=\"wpcf7-list-item first\"><input type=\"checkbox\" name=\"checkbox-145[]\" value=\"Materiales de bajo impacto ambiental (reciclados, renovables,\u2026)\" \/><span class=\"wpcf7-list-item-label\">Materiales de bajo impacto ambiental (reciclados, renovables,\u2026)<\/span><\/span><span class=\"wpcf7-list-item\"><input type=\"checkbox\" name=\"checkbox-145[]\" value=\"Peso y\/o volumen reducido\" \/><span class=\"wpcf7-list-item-label\">Peso y\/o volumen reducido<\/span><\/span><span class=\"wpcf7-list-item last\"><input type=\"checkbox\" name=\"checkbox-145[]\" value=\"Empleo de t\u00e9cnicas de producci\u00f3n eficientes\" \/><span class=\"wpcf7-list-item-label\">Empleo de t\u00e9cnicas de producci\u00f3n eficientes<\/span><\/span><\/span><\/span><\/label><br \/>\n<label>2. - Optimizaci\u00f3n ambiental en la distribuci\u00f3n:<br \/>\n<span class=\"wpcf7-form-control-wrap\" data-name=\"checkbox-146\"><span class=\"wpcf7-form-control wpcf7-checkbox\"><span class=\"wpcf7-list-item first\"><input type=\"checkbox\" name=\"checkbox-146[]\" value=\"Envase y embalaje optimizado\" \/><span class=\"wpcf7-list-item-label\">Envase y embalaje optimizado<\/span><\/span><span class=\"wpcf7-list-item last\"><input type=\"checkbox\" name=\"checkbox-146[]\" value=\"Modo de log\u00edstica de distribuci\u00f3n eficiente\" \/><span class=\"wpcf7-list-item-label\">Modo de log\u00edstica de distribuci\u00f3n eficiente<\/span><\/span><\/span><\/span><\/label><br \/>\n<label>3. - Optimizaci\u00f3n ambiental en la fase de uso:<br \/>\n<span class=\"wpcf7-form-control-wrap\" data-name=\"checkbox-147\"><span class=\"wpcf7-form-control wpcf7-checkbox\"><span class=\"wpcf7-list-item first\"><input type=\"checkbox\" name=\"checkbox-147[]\" value=\"Bajo consumo energ\u00e9tico\" \/><span class=\"wpcf7-list-item-label\">Bajo consumo energ\u00e9tico<\/span><\/span><span class=\"wpcf7-list-item last\"><input type=\"checkbox\" name=\"checkbox-147[]\" value=\"Reducci\u00f3n u optimizaci\u00f3n de los consumibles\" \/><span class=\"wpcf7-list-item-label\">Reducci\u00f3n u optimizaci\u00f3n de los consumibles<\/span><\/span><\/span><\/span><\/label><br \/>\n<label>4. - Vida del producto m\u00e1s larga:<br \/>\n<span class=\"wpcf7-form-control-wrap\" data-name=\"checkbox-148\"><span class=\"wpcf7-form-control wpcf7-checkbox\"><span class=\"wpcf7-list-item first\"><input type=\"checkbox\" name=\"checkbox-148[]\" value=\"Dise\u00f1o orientado a la fidelizaci\u00f3n del cliente\" \/><span class=\"wpcf7-list-item-label\">Dise\u00f1o orientado a la fidelizaci\u00f3n del cliente<\/span><\/span><span class=\"wpcf7-list-item\"><input type=\"checkbox\" name=\"checkbox-148[]\" value=\"Mayor durabilidad t\u00e9cnica\" \/><span class=\"wpcf7-list-item-label\">Mayor durabilidad t\u00e9cnica<\/span><\/span><span class=\"wpcf7-list-item last\"><input type=\"checkbox\" name=\"checkbox-148[]\" value=\"F\u00e1cil mantenimiento y reparabilidad\" \/><span class=\"wpcf7-list-item-label\">F\u00e1cil mantenimiento y reparabilidad<\/span><\/span><\/span><\/span><\/label><br \/>\n<label>5. - Producto dise\u00f1ado para promover una segunda vida:<br \/>\n<span class=\"wpcf7-form-control-wrap\" data-name=\"checkbox-149\"><span class=\"wpcf7-form-control wpcf7-checkbox\"><span class=\"wpcf7-list-item first\"><input type=\"checkbox\" name=\"checkbox-149[]\" value=\"Dise\u00f1o orientado a la reutilizaci\u00f3n\" \/><span class=\"wpcf7-list-item-label\">Dise\u00f1o orientado a la reutilizaci\u00f3n<\/span><\/span><span class=\"wpcf7-list-item\"><input type=\"checkbox\" name=\"checkbox-149[]\" value=\"Capacidad de renovaci\u00f3n \/ reacondicionamiento \/ remanufactura\" \/><span class=\"wpcf7-list-item-label\">Capacidad de renovaci\u00f3n \/ reacondicionamiento \/ remanufactura<\/span><\/span><span class=\"wpcf7-list-item last\"><input type=\"checkbox\" name=\"checkbox-149[]\" value=\"Producto remanufacturado\" \/><span class=\"wpcf7-list-item-label\">Producto remanufacturado<\/span><\/span><\/span><\/span><\/label><br \/>\n<label>6. - Dise\u00f1o orientado a la recuperaci\u00f3n parcial del producto:<br \/>\n<span class=\"wpcf7-form-control-wrap\" data-name=\"checkbox-150\"><span class=\"wpcf7-form-control wpcf7-checkbox\"><span class=\"wpcf7-list-item first\"><input type=\"checkbox\" name=\"checkbox-150[]\" value=\"Facilidad de desmontaje\" \/><span class=\"wpcf7-list-item-label\">Facilidad de desmontaje<\/span><\/span><span class=\"wpcf7-list-item\"><input type=\"checkbox\" name=\"checkbox-150[]\" value=\"Estandarizaci\u00f3n de piezas y componentes clave\" \/><span class=\"wpcf7-list-item-label\">Estandarizaci\u00f3n de piezas y componentes clave<\/span><\/span><span class=\"wpcf7-list-item last\"><input type=\"checkbox\" name=\"checkbox-150[]\" value=\"Dise\u00f1o orientado a la reutilizaci\u00f3n de piezas y componentes\" \/><span class=\"wpcf7-list-item-label\">Dise\u00f1o orientado a la reutilizaci\u00f3n de piezas y componentes<\/span><\/span><\/span><\/span><\/label><br \/>\n<label>7. - Dise\u00f1o para el fin de vida del producto:<br \/>\n<span class=\"wpcf7-form-control-wrap\" data-name=\"checkbox-151\"><span class=\"wpcf7-form-control wpcf7-checkbox\"><span class=\"wpcf7-list-item first\"><input type=\"checkbox\" name=\"checkbox-151[]\" value=\"Producto f\u00e1cilmente reciclable\" \/><span class=\"wpcf7-list-item-label\">Producto f\u00e1cilmente reciclable<\/span><\/span><span class=\"wpcf7-list-item last\"><input type=\"checkbox\" name=\"checkbox-151[]\" value=\"Eliminaci\u00f3n segura\" \/><span class=\"wpcf7-list-item-label\">Eliminaci\u00f3n segura<\/span><\/span><\/span><\/span><\/label><br \/>\n<label>8. - Producto en el marco de nuevos modelos de negocio:<br \/>\n<span class=\"wpcf7-form-control-wrap\" data-name=\"checkbox-152\"><span class=\"wpcf7-form-control wpcf7-checkbox\"><span class=\"wpcf7-list-item first\"><input type=\"checkbox\" name=\"checkbox-152[]\" value=\"Integraci\u00f3n de funciones en un mismo producto\" \/><span class=\"wpcf7-list-item-label\">Integraci\u00f3n de funciones en un mismo producto<\/span><\/span><span class=\"wpcf7-list-item\"><input type=\"checkbox\" name=\"checkbox-152[]\" value=\"Producto orientado a la servitizaci\u00f3n\" \/><span class=\"wpcf7-list-item-label\">Producto orientado a la servitizaci\u00f3n<\/span><\/span><span class=\"wpcf7-list-item\"><input type=\"checkbox\" name=\"checkbox-152[]\" value=\"Producto en modelo de negocio basado en acceso al uso\" \/><span class=\"wpcf7-list-item-label\">Producto en modelo de negocio basado en acceso al uso<\/span><\/span><span class=\"wpcf7-list-item last\"><input type=\"checkbox\" name=\"checkbox-152[]\" value=\"Producto en modelo de negocio basado en acceso al resultado\" \/><span class=\"wpcf7-list-item-label\">Producto en modelo de negocio basado en acceso al resultado<\/span><\/span><\/span><\/span><\/label><br \/>\n<label>Aporte una cuantificaci\u00f3n de los beneficios ambientales del producto presentado basadas en un an\u00e1lisis del ciclo de vida u otros aspectos relevantes como: consumo de energ\u00eda, agua y materiales; residuos; emisiones a la atm\u00f3sfera, al agua y al suelo; emisiones de CO2; y reducci\u00f3n del uso del suelo.<br \/>\n<span class=\"wpcf7-form-control-wrap\" data-name=\"textarea-805\"><textarea cols=\"40\" rows=\"10\" maxlength=\"2000\" class=\"wpcf7-form-control wpcf7-textarea\" aria-invalid=\"false\" name=\"textarea-805\"><\/textarea><\/span><\/label><br \/>\n<label>\u00bfDispone el producto de alguna etiqueta ambiental, bien sea para la totalidad del producto \u2013 Etiquetas Ambientales tipo I (Ecoetiquetas, como el Ecolabel Europeo, el Cisne N\u00f3rdico, o el \u00c1ngel Azul por citar algunas) o para alg\u00fan aspecto concreto de su ciclo de vida \u2013 Semi-tipo I (certificado de alguno de los materiales empleados, sellos de Eficiencia Energ\u00e9tica en fase de uso, Gesti\u00f3n forestal sostenible, reciclabilidad o compostabilidad,\u2026)?. En caso afirmativo, especificar.<br \/>\n<span class=\"wpcf7-form-control-wrap\" data-name=\"text-77\"><input size=\"40\" maxlength=\"400\" class=\"wpcf7-form-control wpcf7-text\" aria-invalid=\"false\" value=\"\" type=\"text\" name=\"text-77\" \/><\/span><\/label><br \/>\n<label>En caso de disponer la empresa de un SGA basado en UNE-EN ISO 14006:2011, \u00bfest\u00e1 el presente producto dentro del alcance del certificado?<br \/>\n<span class=\"wpcf7-form-control-wrap\" data-name=\"radio-938\"><span class=\"wpcf7-form-control wpcf7-radio\"><span class=\"wpcf7-list-item first\"><input type=\"radio\" name=\"radio-938\" value=\"Si\" \/><span class=\"wpcf7-list-item-label\">Si<\/span><\/span><span class=\"wpcf7-list-item last\"><input type=\"radio\" name=\"radio-938\" value=\"No\" checked=\"checked\" \/><span class=\"wpcf7-list-item-label\">No<\/span><\/span><\/span><\/span><\/label><br \/>\n<label>\u00bfDispone el producto de alg\u00fan mecanismo de informaci\u00f3n ambiental verificado (ACV, EPD, Huella de Carbono,\u2026)? En caso afirmativo, especificar.<br \/>\n<span class=\"wpcf7-form-control-wrap\" data-name=\"text-515\"><input size=\"40\" maxlength=\"400\" class=\"wpcf7-form-control wpcf7-text\" aria-invalid=\"false\" value=\"\" type=\"text\" name=\"text-515\" \/><\/span><\/label><br \/>\n<label>\u00bfHa sido desarrollado en el marco de un programa de financiaci\u00f3n (Europeo, Vasco, Regional,\u2026) que persiga el desarrollo de productos de menor impacto ambiental? En caso afirmativo, especificar.<span class=\"wpcf7-form-control-wrap\" data-name=\"textarea-516\"><textarea cols=\"40\" rows=\"10\" maxlength=\"2000\" class=\"wpcf7-form-control wpcf7-textarea\" aria-invalid=\"false\" name=\"textarea-516\"><\/textarea><\/span><\/label><br \/>\n<input class=\"wpcf7-form-control wpcf7-submit has-spinner\" type=\"submit\" value=\"Enviar\" \/>\n<\/p><p style=\"display: none !important;\" class=\"akismet-fields-container\" data-prefix=\"_wpcf7_ak_\"><label>&#916;<textarea name=\"_wpcf7_ak_hp_textarea\" cols=\"45\" rows=\"8\" maxlength=\"100\"><\/textarea><\/label><input type=\"hidden\" id=\"ak_js_3\" name=\"_wpcf7_ak_js\" value=\"125\"\/><script>document.getElementById( \"ak_js_3\" ).setAttribute( \"value\", ( new Date() ).getTime() );<\/script><\/p><div class=\"wpcf7-response-output\" aria-hidden=\"true\"><\/div>\n<\/form>\n<\/div>\n<p>Para resolver o aclarar cualquier duda en relaci\u00f3n a la exposici\u00f3n <strong>\u201c20 years of ECODESIGN made in EUSKADI\u201d<\/strong> o sobre c\u00f3mo cumplimentar el formulario de candidatura, las empresas podr\u00e1n ponerse en contacto con la sociedad p\u00fablica Ihobe a trav\u00e9s de la direcci\u00f3n de correo electr\u00f3nico: <a href=\"mailto:expo.bem2020@ihobe.eus\">expo.bem2020@ihobe.eus<\/a>.[\/vc_column_text][\/vc_column][\/vc_row]<\/p>\n<p><\/p>","protected":false},"excerpt":{"rendered":"<p>[vc_row][vc_column][vc_column_text] Para resolver o aclarar cualquier duda en relaci\u00f3n a la exposici\u00f3n \u201c20 years of ECODESIGN made in EUSKADI\u201d o sobre c\u00f3mo cumplimentar el formulario de candidatura, las empresas podr\u00e1n ponerse en contacto con la sociedad p\u00fablica Ihobe a trav\u00e9s de la direcci\u00f3n de correo electr\u00f3nico: expo.bem2020@ihobe.eus.[\/vc_column_text][\/vc_column][\/vc_row]<\/p>\n","protected":false},"author":1,"featured_media":3253,"parent":0,"menu_order":0,"comment_status":"closed","ping_status":"closed","template":"page-wide.php","meta":{"_exactmetrics_skip_tracking":false,"_exactmetrics_sitenote_active":false,"_exactmetrics_sitenote_note":"","_exactmetrics_sitenote_category":0,"footnotes":""},"class_list":["post-1972","page","type-page","status-publish","has-post-thumbnail","hentry"],"_links":{"self":[{"href":"https:\/\/www.basqueecodesignmeeting2020.eus\/en\/wp-json\/wp\/v2\/pages\/1972","targetHints":{"allow":["GET"]}}],"collection":[{"href":"https:\/\/www.basqueecodesignmeeting2020.eus\/en\/wp-json\/wp\/v2\/pages"}],"about":[{"href":"https:\/\/www.basqueecodesignmeeting2020.eus\/en\/wp-json\/wp\/v2\/types\/page"}],"author":[{"embeddable":true,"href":"https:\/\/www.basqueecodesignmeeting2020.eus\/en\/wp-json\/wp\/v2\/users\/1"}],"replies":[{"embeddable":true,"href":"https:\/\/www.basqueecodesignmeeting2020.eus\/en\/wp-json\/wp\/v2\/comments?post=1972"}],"version-history":[{"count":21,"href":"https:\/\/www.basqueecodesignmeeting2020.eus\/en\/wp-json\/wp\/v2\/pages\/1972\/revisions"}],"predecessor-version":[{"id":3660,"href":"https:\/\/www.basqueecodesignmeeting2020.eus\/en\/wp-json\/wp\/v2\/pages\/1972\/revisions\/3660"}],"wp:featuredmedia":[{"embeddable":true,"href":"https:\/\/www.basqueecodesignmeeting2020.eus\/en\/wp-json\/wp\/v2\/media\/3253"}],"wp:attachment":[{"href":"https:\/\/www.basqueecodesignmeeting2020.eus\/en\/wp-json\/wp\/v2\/media?parent=1972"}],"curies":[{"name":"wp","href":"https:\/\/api.w.org\/{rel}","templated":true}]}}