{"id":1945,"date":"2019-11-19T17:02:47","date_gmt":"2019-11-19T16:02:47","guid":{"rendered":"https:\/\/www.basqueecodesignmeeting2020.eus\/?page_id=1945"},"modified":"2020-05-19T13:01:37","modified_gmt":"2020-05-19T11:01:37","slug":"exposicion","status":"publish","type":"page","link":"https:\/\/www.basqueecodesignmeeting2020.eus\/en\/exposicion\/","title":{"rendered":"EXPOSICI\u00d3N \u201c20 a\u00f1os de ecodise\u00f1o MADE IN EUSKADI\u201d"},"content":{"rendered":"<p>[vc_row evenz_container=&#8221;2&#8243;][vc_column][vc_column_text]<\/p>\n<h4><strong><img decoding=\"async\" class=\"size-full wp-image-3248 alignright\" src=\"https:\/\/www.basqueecodesignmeeting2020.eus\/wp-content\/uploads\/2020\/02\/6.jpeg\" alt=\"\" width=\"500\" srcset=\"https:\/\/www.basqueecodesignmeeting2020.eus\/wp-content\/uploads\/2020\/02\/6.jpeg 1920w, https:\/\/www.basqueecodesignmeeting2020.eus\/wp-content\/uploads\/2020\/02\/6-770x513.jpeg 770w, https:\/\/www.basqueecodesignmeeting2020.eus\/wp-content\/uploads\/2020\/02\/6-1170x780.jpeg 1170w, https:\/\/www.basqueecodesignmeeting2020.eus\/wp-content\/uploads\/2020\/02\/6-768x512.jpeg 768w, https:\/\/www.basqueecodesignmeeting2020.eus\/wp-content\/uploads\/2020\/02\/6-1536x1024.jpeg 1536w\" sizes=\"(max-width: 1920px) 100vw, 1920px\" \/>A large exhibition of sustainable products<\/strong><\/h4>\n<p>Se cumplen 20 a\u00f1os desde la ejecuci\u00f3n de los primeros proyectos de ecodise\u00f1o en el Pa\u00eds Vasco. Durante todo este tiempo han sido muchas las empresas vascas que han incorporado criterios ambientales desde la fase de dise\u00f1o y desarrollo de sus productos.<\/p>\n<p>Esto ha permitido poner en el mercado mejores productos con menor impacto ambiental, al tiempo que se reduc\u00eda la cantidad de materia prima utilizada, se incorporaban materiales reciclados, se optimizaban los envases y embalajes, se obten\u00edan productos m\u00e1s eficientes con menores consumibles, y m\u00e1s f\u00e1cilmente reciclables. Adem\u00e1s tambi\u00e9n se han incorporado nuevos enfoques m\u00e1s circulares lo que ha dado lugar a producir equipos m\u00e1s duraderos, m\u00e1s f\u00e1cilmente reparables incorporando la remanufactura y favoreciendo, en \u00faltima instancia, nuevos modelos de negocio circulares.<\/p>\n<p>Para dar a conocer el trabajo desarrollado por las empresas vascas durante estos 20 a\u00f1os y con el fin de servir de instrumento de reconocimiento por parte del Gobierno Vasco a la labor desarrollada, coincidiendo con la celebraci\u00f3n del Basque Ecodesign Meeting 2020 se desarrollar\u00e1,\u00a0 en el propio Palacio Euskalduna una <strong>gran exposici\u00f3n<\/strong> de productos vascos ecodise\u00f1ados, que llevar\u00e1 por nombre <strong>\u201c20 a\u00f1os de ecodise\u00f1o Made in Euskadi\u201d<\/strong>.[\/vc_column_text][\/vc_column][\/vc_row]<\/p>","protected":false},"excerpt":{"rendered":"<p>[vc_row evenz_container=&#8221;2&#8243;][vc_column][vc_column_text] A large exhibition of sustainable products Se cumplen 20 a\u00f1os desde la ejecuci\u00f3n de los primeros proyectos de ecodise\u00f1o en el Pa\u00eds Vasco. Durante todo este tiempo han sido muchas las empresas vascas que han incorporado criterios ambientales desde la fase de dise\u00f1o y desarrollo de sus productos. ...<\/p>\n","protected":false},"author":1,"featured_media":3253,"parent":0,"menu_order":0,"comment_status":"closed","ping_status":"closed","template":"page-fullwidth.php","meta":{"_exactmetrics_skip_tracking":false,"_exactmetrics_sitenote_active":false,"_exactmetrics_sitenote_note":"","_exactmetrics_sitenote_category":0,"footnotes":""},"class_list":["post-1945","page","type-page","status-publish","has-post-thumbnail","hentry"],"_links":{"self":[{"href":"https:\/\/www.basqueecodesignmeeting2020.eus\/en\/wp-json\/wp\/v2\/pages\/1945","targetHints":{"allow":["GET"]}}],"collection":[{"href":"https:\/\/www.basqueecodesignmeeting2020.eus\/en\/wp-json\/wp\/v2\/pages"}],"about":[{"href":"https:\/\/www.basqueecodesignmeeting2020.eus\/en\/wp-json\/wp\/v2\/types\/page"}],"author":[{"embeddable":true,"href":"https:\/\/www.basqueecodesignmeeting2020.eus\/en\/wp-json\/wp\/v2\/users\/1"}],"replies":[{"embeddable":true,"href":"https:\/\/www.basqueecodesignmeeting2020.eus\/en\/wp-json\/wp\/v2\/comments?post=1945"}],"version-history":[{"count":145,"href":"https:\/\/www.basqueecodesignmeeting2020.eus\/en\/wp-json\/wp\/v2\/pages\/1945\/revisions"}],"predecessor-version":[{"id":3651,"href":"https:\/\/www.basqueecodesignmeeting2020.eus\/en\/wp-json\/wp\/v2\/pages\/1945\/revisions\/3651"}],"wp:featuredmedia":[{"embeddable":true,"href":"https:\/\/www.basqueecodesignmeeting2020.eus\/en\/wp-json\/wp\/v2\/media\/3253"}],"wp:attachment":[{"href":"https:\/\/www.basqueecodesignmeeting2020.eus\/en\/wp-json\/wp\/v2\/media?parent=1945"}],"curies":[{"name":"wp","href":"https:\/\/api.w.org\/{rel}","templated":true}]}}